{"id":98180,"date":"2025-12-02T22:03:39","date_gmt":"2025-12-02T21:03:39","guid":{"rendered":"https:\/\/www.hirtenberg-apotheke.at\/katalog\/produkt\/logona-lavaerde-1000-g\/"},"modified":"2025-12-02T22:04:09","modified_gmt":"2025-12-02T21:04:09","slug":"logona-lavaerde-1000-g","status":"publish","type":"product","link":"https:\/\/www.hirtenberg-apotheke.at\/katalog\/produkt\/logona-lavaerde-1000-g\/","title":{"rendered":"Logona Lavaerde 1000 g"},"content":{"rendered":"<p>Logona Lavaerde reinigt \u00e4u\u00dferst schonend, bindet Lavaerde Schmutz- und Fettpartikel und macht sie leicht absp\u00fclbar. Logona Lavaerde-Pulver ist frei von jeglichen Zus\u00e4tzen und besonders empfehlenswert bei empfindlicher oder unreiner Haut, bei sensibler Kopfhaut sowie bei Schuppen und beifettigem Haar.<\/p>\n","protected":false},"excerpt":{"rendered":"<p>Logona Lavaerde reinigt \u00e4u\u00dferst schonend, bindet Lavaerde Schmutz- und Fettpartikel und macht sie leicht absp\u00fclbar. Logona Lavaerde-Pulver ist frei von jeglichen Zus\u00e4tzen und besonders empfehlenswert bei empfindlicher oder unreiner Haut, bei sensibler Kopfhaut sowie bei Schuppen und beifettigem Haar.<\/p>\n","protected":false},"featured_media":98182,"template":"","meta":{"_acf_changed":false},"product_brand":[],"product_cat":[317],"product_tag":[],"class_list":{"0":"post-98180","1":"product","2":"type-product","3":"status-publish","4":"has-post-thumbnail","6":"product_cat-l","7":"pa_packungsgroesse-1kg","9":"first","10":"instock","11":"shipping-taxable","12":"purchasable","13":"product-type-simple"},"acf":[],"_links":{"self":[{"href":"https:\/\/www.hirtenberg-apotheke.at\/katalog\/wp-json\/wp\/v2\/product\/98180","targetHints":{"allow":["GET"]}}],"collection":[{"href":"https:\/\/www.hirtenberg-apotheke.at\/katalog\/wp-json\/wp\/v2\/product"}],"about":[{"href":"https:\/\/www.hirtenberg-apotheke.at\/katalog\/wp-json\/wp\/v2\/types\/product"}],"wp:featuredmedia":[{"embeddable":true,"href":"https:\/\/www.hirtenberg-apotheke.at\/katalog\/wp-json\/wp\/v2\/media\/98182"}],"wp:attachment":[{"href":"https:\/\/www.hirtenberg-apotheke.at\/katalog\/wp-json\/wp\/v2\/media?parent=98180"}],"wp:term":[{"taxonomy":"product_brand","embeddable":true,"href":"https:\/\/www.hirtenberg-apotheke.at\/katalog\/wp-json\/wp\/v2\/product_brand?post=98180"},{"taxonomy":"product_cat","embeddable":true,"href":"https:\/\/www.hirtenberg-apotheke.at\/katalog\/wp-json\/wp\/v2\/product_cat?post=98180"},{"taxonomy":"product_tag","embeddable":true,"href":"https:\/\/www.hirtenberg-apotheke.at\/katalog\/wp-json\/wp\/v2\/product_tag?post=98180"}],"curies":[{"name":"wp","href":"https:\/\/api.w.org\/{rel}","templated":true}]}}