{"id":98204,"date":"2025-12-02T22:04:39","date_gmt":"2025-12-02T21:04:39","guid":{"rendered":"https:\/\/www.hirtenberg-apotheke.at\/katalog\/produkt\/lysoform-ahd-2000-h-h-500-ml\/"},"modified":"2025-12-02T22:04:43","modified_gmt":"2025-12-02T21:04:43","slug":"lysoform-ahd-2000-h-h-500-ml","status":"publish","type":"product","link":"https:\/\/www.hirtenberg-apotheke.at\/katalog\/produkt\/lysoform-ahd-2000-h-h-500-ml\/","title":{"rendered":"Lysoform AHD 2000 H\/h 500 ml"},"content":{"rendered":"<p>Lysoform AHD 2000 H\/h wird zur Desinfektion von unverletzter Haut und den H\u00e4nden eingesetzt und hat ein breites Wirkungsspektrum gegen Bakterien, Pilze oder Viren. Die L\u00f6sung ist auch bei h\u00e4ufiger Anwendung gut hautvertr\u00e4glich.<\/p>\n","protected":false},"excerpt":{"rendered":"<p>Lysoform AHD 2000 H\/h wird zur Desinfektion von unverletzter Haut und den H\u00e4nden eingesetzt und hat ein breites Wirkungsspektrum gegen Bakterien, Pilze oder Viren. Die L\u00f6sung ist auch bei h\u00e4ufiger Anwendung gut hautvertr\u00e4glich.<\/p>\n","protected":false},"featured_media":98206,"template":"","meta":{"_acf_changed":false},"product_brand":[],"product_cat":[317],"product_tag":[],"class_list":{"0":"post-98204","1":"product","2":"type-product","3":"status-publish","4":"has-post-thumbnail","6":"product_cat-l","7":"pa_packungsgroesse-500ml","9":"first","10":"instock","11":"shipping-taxable","12":"purchasable","13":"product-type-simple"},"acf":[],"_links":{"self":[{"href":"https:\/\/www.hirtenberg-apotheke.at\/katalog\/wp-json\/wp\/v2\/product\/98204","targetHints":{"allow":["GET"]}}],"collection":[{"href":"https:\/\/www.hirtenberg-apotheke.at\/katalog\/wp-json\/wp\/v2\/product"}],"about":[{"href":"https:\/\/www.hirtenberg-apotheke.at\/katalog\/wp-json\/wp\/v2\/types\/product"}],"wp:featuredmedia":[{"embeddable":true,"href":"https:\/\/www.hirtenberg-apotheke.at\/katalog\/wp-json\/wp\/v2\/media\/98206"}],"wp:attachment":[{"href":"https:\/\/www.hirtenberg-apotheke.at\/katalog\/wp-json\/wp\/v2\/media?parent=98204"}],"wp:term":[{"taxonomy":"product_brand","embeddable":true,"href":"https:\/\/www.hirtenberg-apotheke.at\/katalog\/wp-json\/wp\/v2\/product_brand?post=98204"},{"taxonomy":"product_cat","embeddable":true,"href":"https:\/\/www.hirtenberg-apotheke.at\/katalog\/wp-json\/wp\/v2\/product_cat?post=98204"},{"taxonomy":"product_tag","embeddable":true,"href":"https:\/\/www.hirtenberg-apotheke.at\/katalog\/wp-json\/wp\/v2\/product_tag?post=98204"}],"curies":[{"name":"wp","href":"https:\/\/api.w.org\/{rel}","templated":true}]}}