{"id":98253,"date":"2025-12-02T22:05:46","date_gmt":"2025-12-02T21:05:46","guid":{"rendered":"https:\/\/www.hirtenberg-apotheke.at\/katalog\/produkt\/madara-infinity-drops-immuno-serum-30-ml\/"},"modified":"2025-12-02T22:06:02","modified_gmt":"2025-12-02T21:06:02","slug":"madara-infinity-drops-immuno-serum-30-ml","status":"publish","type":"product","link":"https:\/\/www.hirtenberg-apotheke.at\/katalog\/produkt\/madara-infinity-drops-immuno-serum-30-ml\/","title":{"rendered":"Madara Infinity Drops Immuno-Serum 30 ml"},"content":{"rendered":"<p>Im Laufe von Tausenden von Jahren haben sich im rauen nordischen Klima Pflanzen mit au\u00dfergew\u00f6hnlichen Eigenschaften entwickelt. Diese tiefen Wurzeln, bitteren Bl\u00e4tter und knorrigen Rinden haben Wunden geheilt und Leben gerettet. Die Biotechnologie hat ihre zeitlose Weisheit in dieses immunkompetente Serum verwandelt, um die Abwehrkr\u00e4fte Ihrer Haut zu st\u00e4rken und ihr wahres Potential zu entfalten. Diese in der Fabrik von M\u00c1DARA entwickelte raffinierte Formulierung auf Basis einer einzigartigen Essenz aus Lactobacillus-Stamm, Beta-Glucanen der Pilze, Provitamin D und Polyphenol hemmt die Austrocknung der Haut, gleicht ihr Mikrobiom aus und hilft, den oxidativen Stress zu bek\u00e4mpfen. Ihre Haut wird glatt und samtig weich, der Teint &#8211; heller und gleichm\u00e4\u00dfiger. \u00dcberempfindlichkeit und R\u00f6tung werden deutlich begrenzt. F\u00fcr alle Hauttypen geeignet &#8211; besonders f\u00fcr trockene, gestresste, sensibilisierte, atopische und alternde Haut. Auf das saubere Gesicht und Dekollet\u00e9 auftragen. Danach Feuchtigkeitscreme verwenden. In Kombination mit Infinity Mist Probiotischer Essenz anwenden, um die Wirkung zu st\u00e4rken.<\/p>\n","protected":false},"excerpt":{"rendered":"<p>Im Laufe von Tausenden von Jahren haben sich im rauen nordischen Klima Pflanzen mit au\u00dfergew\u00f6hnlichen Eigenschaften entwickelt. Diese tiefen Wurzeln, bitteren Bl\u00e4tter und knorrigen Rinden haben Wunden geheilt und Leben gerettet. Die Biotechnologie hat ihre zeitlose Weisheit in dieses immunkompetente Serum verwandelt, um die Abwehrkr\u00e4fte Ihrer Haut zu st\u00e4rken und ihr wahres Potential zu entfalten. [&hellip;]<\/p>\n","protected":false},"featured_media":98255,"template":"","meta":{"_acf_changed":false},"product_brand":[1240],"product_cat":[308],"product_tag":[],"class_list":{"0":"post-98253","1":"product","2":"type-product","3":"status-publish","4":"has-post-thumbnail","6":"product_brand-madara","7":"product_cat-m","8":"pa_packungsgroesse-30ml","10":"first","11":"instock","12":"shipping-taxable","13":"purchasable","14":"product-type-simple"},"acf":[],"_links":{"self":[{"href":"https:\/\/www.hirtenberg-apotheke.at\/katalog\/wp-json\/wp\/v2\/product\/98253","targetHints":{"allow":["GET"]}}],"collection":[{"href":"https:\/\/www.hirtenberg-apotheke.at\/katalog\/wp-json\/wp\/v2\/product"}],"about":[{"href":"https:\/\/www.hirtenberg-apotheke.at\/katalog\/wp-json\/wp\/v2\/types\/product"}],"wp:featuredmedia":[{"embeddable":true,"href":"https:\/\/www.hirtenberg-apotheke.at\/katalog\/wp-json\/wp\/v2\/media\/98255"}],"wp:attachment":[{"href":"https:\/\/www.hirtenberg-apotheke.at\/katalog\/wp-json\/wp\/v2\/media?parent=98253"}],"wp:term":[{"taxonomy":"product_brand","embeddable":true,"href":"https:\/\/www.hirtenberg-apotheke.at\/katalog\/wp-json\/wp\/v2\/product_brand?post=98253"},{"taxonomy":"product_cat","embeddable":true,"href":"https:\/\/www.hirtenberg-apotheke.at\/katalog\/wp-json\/wp\/v2\/product_cat?post=98253"},{"taxonomy":"product_tag","embeddable":true,"href":"https:\/\/www.hirtenberg-apotheke.at\/katalog\/wp-json\/wp\/v2\/product_tag?post=98253"}],"curies":[{"name":"wp","href":"https:\/\/api.w.org\/{rel}","templated":true}]}}