{"id":98267,"date":"2025-12-02T22:06:14","date_gmt":"2025-12-02T21:06:14","guid":{"rendered":"https:\/\/www.hirtenberg-apotheke.at\/katalog\/produkt\/madara-superseed-soothing-hydration-beauty-30-ml-oel\/"},"modified":"2025-12-02T22:06:25","modified_gmt":"2025-12-02T21:06:25","slug":"madara-superseed-soothing-hydration-beauty-30-ml-oel","status":"publish","type":"product","link":"https:\/\/www.hirtenberg-apotheke.at\/katalog\/produkt\/madara-superseed-soothing-hydration-beauty-30-ml-oel\/","title":{"rendered":"Madara Superseed Soothing Hydration Beauty 30 ml \u00d6l"},"content":{"rendered":"<p>Madara Superseed Soothing Hydration ist ein feuchtigkeitsspendendes und hautberuhigendes Elixir. Es besteht aus 8 einzigartigen und n\u00e4hrenden Trocken\u00f6len, das die Haut st\u00e4rkt und die Elastizit\u00e4t steigert \u2013 jetzt Produkte von Madara mit hohem Rabatt bestellen!<\/p>\n","protected":false},"excerpt":{"rendered":"<p>Madara Superseed Soothing Hydration ist ein feuchtigkeitsspendendes und hautberuhigendes Elixir. Es besteht aus 8 einzigartigen und n\u00e4hrenden Trocken\u00f6len, das die Haut st\u00e4rkt und die Elastizit\u00e4t steigert \u2013 jetzt Produkte von Madara mit hohem Rabatt bestellen!<\/p>\n","protected":false},"featured_media":98269,"template":"","meta":{"_acf_changed":false},"product_brand":[1240],"product_cat":[308],"product_tag":[],"class_list":{"0":"post-98267","1":"product","2":"type-product","3":"status-publish","4":"has-post-thumbnail","6":"product_brand-madara","7":"product_cat-m","8":"pa_packungsgroesse-30ml","10":"first","11":"instock","12":"shipping-taxable","13":"purchasable","14":"product-type-simple"},"acf":[],"_links":{"self":[{"href":"https:\/\/www.hirtenberg-apotheke.at\/katalog\/wp-json\/wp\/v2\/product\/98267","targetHints":{"allow":["GET"]}}],"collection":[{"href":"https:\/\/www.hirtenberg-apotheke.at\/katalog\/wp-json\/wp\/v2\/product"}],"about":[{"href":"https:\/\/www.hirtenberg-apotheke.at\/katalog\/wp-json\/wp\/v2\/types\/product"}],"wp:featuredmedia":[{"embeddable":true,"href":"https:\/\/www.hirtenberg-apotheke.at\/katalog\/wp-json\/wp\/v2\/media\/98269"}],"wp:attachment":[{"href":"https:\/\/www.hirtenberg-apotheke.at\/katalog\/wp-json\/wp\/v2\/media?parent=98267"}],"wp:term":[{"taxonomy":"product_brand","embeddable":true,"href":"https:\/\/www.hirtenberg-apotheke.at\/katalog\/wp-json\/wp\/v2\/product_brand?post=98267"},{"taxonomy":"product_cat","embeddable":true,"href":"https:\/\/www.hirtenberg-apotheke.at\/katalog\/wp-json\/wp\/v2\/product_cat?post=98267"},{"taxonomy":"product_tag","embeddable":true,"href":"https:\/\/www.hirtenberg-apotheke.at\/katalog\/wp-json\/wp\/v2\/product_tag?post=98267"}],"curies":[{"name":"wp","href":"https:\/\/api.w.org\/{rel}","templated":true}]}}