{"id":98283,"date":"2025-12-02T22:06:14","date_gmt":"2025-12-02T21:06:14","guid":{"rendered":"https:\/\/www.hirtenberg-apotheke.at\/katalog\/produkt\/gall-pharma-magen-fit-kapseln-180-stk\/"},"modified":"2025-12-02T22:06:44","modified_gmt":"2025-12-02T21:06:44","slug":"gall-pharma-magen-fit-kapseln-180-stk","status":"publish","type":"product","link":"https:\/\/www.hirtenberg-apotheke.at\/katalog\/produkt\/gall-pharma-magen-fit-kapseln-180-stk\/","title":{"rendered":"Gall Pharma Magen Fit Kapseln 180 Stk."},"content":{"rendered":"<p>Magen-Fit GPH Kapseln enthalten 200 mg eines S\u00fc\u00dfholzwurzel-Trockenextrakts und 200 mg eines Kamillenbl\u00fcten-Trockenextrakts. Zubereitungen aus Kamille und S\u00fc\u00dfholz k\u00f6nnen hilfreich sein bei Beschwerden im Magen-Darmbereich, die sich in Kr\u00e4mpfen und Bl\u00e4hungen \u00e4u\u00dfern. Die wundheilungsf\u00f6rdernde Eigenschaft beider pflanzlichen Inhaltsstoffe kann sich auch positiv auf die Magenschleimhaut auswirken.<\/p>\n","protected":false},"excerpt":{"rendered":"<p>Magen-Fit GPH Kapseln enthalten 200 mg eines S\u00fc\u00dfholzwurzel-Trockenextrakts und 200 mg eines Kamillenbl\u00fcten-Trockenextrakts. Zubereitungen aus Kamille und S\u00fc\u00dfholz k\u00f6nnen hilfreich sein bei Beschwerden im Magen-Darmbereich, die sich in Kr\u00e4mpfen und Bl\u00e4hungen \u00e4u\u00dfern. Die wundheilungsf\u00f6rdernde Eigenschaft beider pflanzlichen Inhaltsstoffe kann sich auch positiv auf die Magenschleimhaut auswirken.<\/p>\n","protected":false},"featured_media":98285,"template":"","meta":{"_acf_changed":false},"product_brand":[],"product_cat":[328],"product_tag":[],"class_list":{"0":"post-98283","1":"product","2":"type-product","3":"status-publish","4":"has-post-thumbnail","6":"product_cat-g","7":"pa_packungsgroesse-180-stueck","9":"first","10":"instock","11":"shipping-taxable","12":"purchasable","13":"product-type-simple"},"acf":[],"_links":{"self":[{"href":"https:\/\/www.hirtenberg-apotheke.at\/katalog\/wp-json\/wp\/v2\/product\/98283","targetHints":{"allow":["GET"]}}],"collection":[{"href":"https:\/\/www.hirtenberg-apotheke.at\/katalog\/wp-json\/wp\/v2\/product"}],"about":[{"href":"https:\/\/www.hirtenberg-apotheke.at\/katalog\/wp-json\/wp\/v2\/types\/product"}],"wp:featuredmedia":[{"embeddable":true,"href":"https:\/\/www.hirtenberg-apotheke.at\/katalog\/wp-json\/wp\/v2\/media\/98285"}],"wp:attachment":[{"href":"https:\/\/www.hirtenberg-apotheke.at\/katalog\/wp-json\/wp\/v2\/media?parent=98283"}],"wp:term":[{"taxonomy":"product_brand","embeddable":true,"href":"https:\/\/www.hirtenberg-apotheke.at\/katalog\/wp-json\/wp\/v2\/product_brand?post=98283"},{"taxonomy":"product_cat","embeddable":true,"href":"https:\/\/www.hirtenberg-apotheke.at\/katalog\/wp-json\/wp\/v2\/product_cat?post=98283"},{"taxonomy":"product_tag","embeddable":true,"href":"https:\/\/www.hirtenberg-apotheke.at\/katalog\/wp-json\/wp\/v2\/product_tag?post=98283"}],"curies":[{"name":"wp","href":"https:\/\/api.w.org\/{rel}","templated":true}]}}