{"id":98308,"date":"2025-12-02T22:07:06","date_gmt":"2025-12-02T21:07:06","guid":{"rendered":"https:\/\/www.hirtenberg-apotheke.at\/katalog\/produkt\/mam-stillhuetchen-2-stk-groesse-2\/"},"modified":"2025-12-02T22:07:16","modified_gmt":"2025-12-02T21:07:16","slug":"mam-stillhuetchen-2-stk-groesse-2","status":"publish","type":"product","link":"https:\/\/www.hirtenberg-apotheke.at\/katalog\/produkt\/mam-stillhuetchen-2-stk-groesse-2\/","title":{"rendered":"Mam Stillh\u00fctchen 2 Stk. Gr\u00f6\u00dfe 2"},"content":{"rendered":"<p>Mam hat es sich als Ziel gesetzt die individuelle Entwiucklung jedes Kindes optimal zu unterst\u00fctzen und den Babyalltag der Eltern einfacher zu machen. MAM produziert und vertreibt Babyartikel, die in einem einzigartigen, weltweiten Teamwork entstehen.ExpertInnen aus Medizin und Entwicklungspsychologie sowie Hebammen und ElternberaterInnen arbeiten zusammen mit Fachleuten f\u00fcr Material- und Produktionstechnik sowie mit anerkannten DesignerInnen. MAM bindet zudem regelm\u00e4\u00dfig Eltern in die Entwicklung der Produkte ein.<\/p>\n","protected":false},"excerpt":{"rendered":"<p>Mam hat es sich als Ziel gesetzt die individuelle Entwiucklung jedes Kindes optimal zu unterst\u00fctzen und den Babyalltag der Eltern einfacher zu machen. MAM produziert und vertreibt Babyartikel, die in einem einzigartigen, weltweiten Teamwork entstehen.ExpertInnen aus Medizin und Entwicklungspsychologie sowie Hebammen und ElternberaterInnen arbeiten zusammen mit Fachleuten f\u00fcr Material- und Produktionstechnik sowie mit anerkannten DesignerInnen. [&hellip;]<\/p>\n","protected":false},"featured_media":98310,"template":"","meta":{"_acf_changed":false},"product_brand":[],"product_cat":[308],"product_tag":[],"class_list":{"0":"post-98308","1":"product","2":"type-product","3":"status-publish","4":"has-post-thumbnail","6":"product_cat-m","7":"pa_packungsgroesse-2-stueck","9":"first","10":"instock","11":"shipping-taxable","12":"purchasable","13":"product-type-simple"},"acf":[],"_links":{"self":[{"href":"https:\/\/www.hirtenberg-apotheke.at\/katalog\/wp-json\/wp\/v2\/product\/98308","targetHints":{"allow":["GET"]}}],"collection":[{"href":"https:\/\/www.hirtenberg-apotheke.at\/katalog\/wp-json\/wp\/v2\/product"}],"about":[{"href":"https:\/\/www.hirtenberg-apotheke.at\/katalog\/wp-json\/wp\/v2\/types\/product"}],"wp:featuredmedia":[{"embeddable":true,"href":"https:\/\/www.hirtenberg-apotheke.at\/katalog\/wp-json\/wp\/v2\/media\/98310"}],"wp:attachment":[{"href":"https:\/\/www.hirtenberg-apotheke.at\/katalog\/wp-json\/wp\/v2\/media?parent=98308"}],"wp:term":[{"taxonomy":"product_brand","embeddable":true,"href":"https:\/\/www.hirtenberg-apotheke.at\/katalog\/wp-json\/wp\/v2\/product_brand?post=98308"},{"taxonomy":"product_cat","embeddable":true,"href":"https:\/\/www.hirtenberg-apotheke.at\/katalog\/wp-json\/wp\/v2\/product_cat?post=98308"},{"taxonomy":"product_tag","embeddable":true,"href":"https:\/\/www.hirtenberg-apotheke.at\/katalog\/wp-json\/wp\/v2\/product_tag?post=98308"}],"curies":[{"name":"wp","href":"https:\/\/api.w.org\/{rel}","templated":true}]}}