{"id":98607,"date":"2025-12-02T22:13:16","date_gmt":"2025-12-02T21:13:16","guid":{"rendered":"https:\/\/www.hirtenberg-apotheke.at\/katalog\/produkt\/lecithin-vitamin-b-komplex-medifit-50-stk\/"},"modified":"2025-12-02T22:13:38","modified_gmt":"2025-12-02T21:13:38","slug":"lecithin-vitamin-b-komplex-medifit-50-stk","status":"publish","type":"product","link":"https:\/\/www.hirtenberg-apotheke.at\/katalog\/produkt\/lecithin-vitamin-b-komplex-medifit-50-stk\/","title":{"rendered":"Lecithin + Vitamin B Komplex Medifit 50 Stk."},"content":{"rendered":"<p>Lecithin + Vitamin B Komplex Medifit sind ein Nahrungserg\u00e4nzungsmittel mit Vitaminen, dem Mineralstoff Magnesium und Lecithin. Vitamin B1, B2, B3, B6 und B12 tragen zur normalen Funktion des Nervensystems bei. Vitamin B6, B12 und Fols\u00e4ure tragen zur Verringerung von M\u00fcdigkeit und Erm\u00fcdung sowie zur normalen psychischen Funktion bei. Jetzt bestellen und je 1 Tagesportion Orthomol Immun gratis erhalten!<\/p>\n","protected":false},"excerpt":{"rendered":"<p>Lecithin + Vitamin B Komplex Medifit sind ein Nahrungserg\u00e4nzungsmittel mit Vitaminen, dem Mineralstoff Magnesium und Lecithin. Vitamin B1, B2, B3, B6 und B12 tragen zur normalen Funktion des Nervensystems bei. Vitamin B6, B12 und Fols\u00e4ure tragen zur Verringerung von M\u00fcdigkeit und Erm\u00fcdung sowie zur normalen psychischen Funktion bei. Jetzt bestellen und je 1 Tagesportion Orthomol [&hellip;]<\/p>\n","protected":false},"featured_media":98609,"template":"","meta":{"_acf_changed":false},"product_brand":[],"product_cat":[317],"product_tag":[],"class_list":{"0":"post-98607","1":"product","2":"type-product","3":"status-publish","4":"has-post-thumbnail","6":"product_cat-l","7":"pa_packungsgroesse-50-stueck","9":"first","10":"instock","11":"shipping-taxable","12":"purchasable","13":"product-type-simple"},"acf":[],"_links":{"self":[{"href":"https:\/\/www.hirtenberg-apotheke.at\/katalog\/wp-json\/wp\/v2\/product\/98607","targetHints":{"allow":["GET"]}}],"collection":[{"href":"https:\/\/www.hirtenberg-apotheke.at\/katalog\/wp-json\/wp\/v2\/product"}],"about":[{"href":"https:\/\/www.hirtenberg-apotheke.at\/katalog\/wp-json\/wp\/v2\/types\/product"}],"wp:featuredmedia":[{"embeddable":true,"href":"https:\/\/www.hirtenberg-apotheke.at\/katalog\/wp-json\/wp\/v2\/media\/98609"}],"wp:attachment":[{"href":"https:\/\/www.hirtenberg-apotheke.at\/katalog\/wp-json\/wp\/v2\/media?parent=98607"}],"wp:term":[{"taxonomy":"product_brand","embeddable":true,"href":"https:\/\/www.hirtenberg-apotheke.at\/katalog\/wp-json\/wp\/v2\/product_brand?post=98607"},{"taxonomy":"product_cat","embeddable":true,"href":"https:\/\/www.hirtenberg-apotheke.at\/katalog\/wp-json\/wp\/v2\/product_cat?post=98607"},{"taxonomy":"product_tag","embeddable":true,"href":"https:\/\/www.hirtenberg-apotheke.at\/katalog\/wp-json\/wp\/v2\/product_tag?post=98607"}],"curies":[{"name":"wp","href":"https:\/\/api.w.org\/{rel}","templated":true}]}}