{"id":98693,"date":"2025-12-02T22:15:07","date_gmt":"2025-12-02T21:15:07","guid":{"rendered":"https:\/\/www.hirtenberg-apotheke.at\/katalog\/produkt\/leukostrip-wundnahtstreifen-mit-programmierter-rueckstellkraft-fuer-dem-atraumatischen-primaer-und-sekundaerverschluss-von-hautwunden-steril-4-mm-x-38-mm-8-streifen\/"},"modified":"2025-12-02T22:15:09","modified_gmt":"2025-12-02T21:15:09","slug":"leukostrip-wundnahtstreifen-mit-programmierter-rueckstellkraft-fuer-dem-atraumatischen-primaer-und-sekundaerverschluss-von-hautwunden-steril-4-mm-x-38-mm-8-streifen","status":"publish","type":"product","link":"https:\/\/www.hirtenberg-apotheke.at\/katalog\/produkt\/leukostrip-wundnahtstreifen-mit-programmierter-rueckstellkraft-fuer-dem-atraumatischen-primaer-und-sekundaerverschluss-von-hautwunden-steril-4-mm-x-38-mm-8-streifen\/","title":{"rendered":"LEUKOSTRIP &#8211; Wundnahtstreifen mit programmierter R\u00fcckstellkraft f\u00fcr dem atraumatischen Prim\u00e4r- und Sekund\u00e4rverschlu\u00df von Hautwunden &#8211; steril , 4 mm x 38 mm \/ 8 Streifen"},"content":{"rendered":"","protected":false},"excerpt":{"rendered":"","protected":false},"featured_media":0,"template":"","meta":{"_acf_changed":false},"product_brand":[971],"product_cat":[317],"product_tag":[],"class_list":{"0":"post-98693","1":"product","2":"type-product","3":"status-publish","5":"product_brand-leukoplast","6":"product_cat-l","7":"pa_packungsgroesse-482","9":"first","10":"instock","11":"shipping-taxable","12":"purchasable","13":"product-type-simple"},"acf":[],"_links":{"self":[{"href":"https:\/\/www.hirtenberg-apotheke.at\/katalog\/wp-json\/wp\/v2\/product\/98693","targetHints":{"allow":["GET"]}}],"collection":[{"href":"https:\/\/www.hirtenberg-apotheke.at\/katalog\/wp-json\/wp\/v2\/product"}],"about":[{"href":"https:\/\/www.hirtenberg-apotheke.at\/katalog\/wp-json\/wp\/v2\/types\/product"}],"wp:attachment":[{"href":"https:\/\/www.hirtenberg-apotheke.at\/katalog\/wp-json\/wp\/v2\/media?parent=98693"}],"wp:term":[{"taxonomy":"product_brand","embeddable":true,"href":"https:\/\/www.hirtenberg-apotheke.at\/katalog\/wp-json\/wp\/v2\/product_brand?post=98693"},{"taxonomy":"product_cat","embeddable":true,"href":"https:\/\/www.hirtenberg-apotheke.at\/katalog\/wp-json\/wp\/v2\/product_cat?post=98693"},{"taxonomy":"product_tag","embeddable":true,"href":"https:\/\/www.hirtenberg-apotheke.at\/katalog\/wp-json\/wp\/v2\/product_tag?post=98693"}],"curies":[{"name":"wp","href":"https:\/\/api.w.org\/{rel}","templated":true}]}}