{"id":9886,"date":"2025-11-25T14:04:08","date_gmt":"2025-11-25T13:04:08","guid":{"rendered":"https:\/\/www.hirtenberg-apotheke.at\/katalog\/produkt\/opc-extrakt-kapseln-90-stk-400-mg\/"},"modified":"2025-11-25T14:04:25","modified_gmt":"2025-11-25T13:04:25","slug":"opc-extrakt-kapseln-90-stk-400-mg","status":"publish","type":"product","link":"https:\/\/www.hirtenberg-apotheke.at\/katalog\/produkt\/opc-extrakt-kapseln-90-stk-400-mg\/","title":{"rendered":"OPC Extrakt Kapseln 90 Stk. 400 mg"},"content":{"rendered":"<p>Seit 2011 vertreibt Shanab Pharma hochwertige Nahrungserg\u00e4nzungsmittel und erzeugt seit einiger Zeit auch eigeneProdukte zur Steigerung von Gesundheit und Wohlbefinden. Shanab Pharma steht f\u00fcr Qualit\u00e4tsprodukte aus m\u00f6glichst nat\u00fcrlichen Rohstoffen<\/p>\n","protected":false},"excerpt":{"rendered":"<p>Seit 2011 vertreibt Shanab Pharma hochwertige Nahrungserg\u00e4nzungsmittel und erzeugt seit einiger Zeit auch eigeneProdukte zur Steigerung von Gesundheit und Wohlbefinden. Shanab Pharma steht f\u00fcr Qualit\u00e4tsprodukte aus m\u00f6glichst nat\u00fcrlichen Rohstoffen<\/p>\n","protected":false},"featured_media":9888,"template":"","meta":{"_acf_changed":false},"product_brand":[],"product_cat":[349],"product_tag":[],"class_list":{"0":"post-9886","1":"product","2":"type-product","3":"status-publish","4":"has-post-thumbnail","6":"product_cat-o","7":"pa_packungsgroesse-90-stueck","9":"first","10":"instock","11":"shipping-taxable","12":"purchasable","13":"product-type-simple"},"acf":[],"_links":{"self":[{"href":"https:\/\/www.hirtenberg-apotheke.at\/katalog\/wp-json\/wp\/v2\/product\/9886","targetHints":{"allow":["GET"]}}],"collection":[{"href":"https:\/\/www.hirtenberg-apotheke.at\/katalog\/wp-json\/wp\/v2\/product"}],"about":[{"href":"https:\/\/www.hirtenberg-apotheke.at\/katalog\/wp-json\/wp\/v2\/types\/product"}],"wp:featuredmedia":[{"embeddable":true,"href":"https:\/\/www.hirtenberg-apotheke.at\/katalog\/wp-json\/wp\/v2\/media\/9888"}],"wp:attachment":[{"href":"https:\/\/www.hirtenberg-apotheke.at\/katalog\/wp-json\/wp\/v2\/media?parent=9886"}],"wp:term":[{"taxonomy":"product_brand","embeddable":true,"href":"https:\/\/www.hirtenberg-apotheke.at\/katalog\/wp-json\/wp\/v2\/product_brand?post=9886"},{"taxonomy":"product_cat","embeddable":true,"href":"https:\/\/www.hirtenberg-apotheke.at\/katalog\/wp-json\/wp\/v2\/product_cat?post=9886"},{"taxonomy":"product_tag","embeddable":true,"href":"https:\/\/www.hirtenberg-apotheke.at\/katalog\/wp-json\/wp\/v2\/product_tag?post=9886"}],"curies":[{"name":"wp","href":"https:\/\/api.w.org\/{rel}","templated":true}]}}