{"id":98870,"date":"2025-12-02T22:20:09","date_gmt":"2025-12-02T21:20:09","guid":{"rendered":"https:\/\/www.hirtenberg-apotheke.at\/katalog\/produkt\/lippenstifthuelsen-kunststoff-weiss-inhalt-48ml-huelle-polypropylen-drehmechanik-abfuellteil-polystyrol-empfohlene-abfuellmethode-eiswasserbad\/"},"modified":"2025-12-02T22:20:10","modified_gmt":"2025-12-02T21:20:10","slug":"lippenstifthuelsen-kunststoff-weiss-inhalt-48ml-huelle-polypropylen-drehmechanik-abfuellteil-polystyrol-empfohlene-abfuellmethode-eiswasserbad","status":"publish","type":"product","link":"https:\/\/www.hirtenberg-apotheke.at\/katalog\/produkt\/lippenstifthuelsen-kunststoff-weiss-inhalt-48ml-huelle-polypropylen-drehmechanik-abfuellteil-polystyrol-empfohlene-abfuellmethode-eiswasserbad\/","title":{"rendered":"Lippenstifth\u00fclsen, Kunststoff, wei\u00df, Inhalt 4,8ml, H\u00fclle: Polypropylen, Drehmechanik (Abf\u00fcllteil), Polystyrol, Empfohlene Abf\u00fcllmethode: Eiswasserbad,"},"content":{"rendered":"","protected":false},"excerpt":{"rendered":"","protected":false},"featured_media":0,"template":"","meta":{"_acf_changed":false},"product_brand":[],"product_cat":[317],"product_tag":[],"class_list":{"0":"post-98870","1":"product","2":"type-product","3":"status-publish","5":"product_cat-l","6":"pa_packungsgroesse-20-stueck","8":"first","9":"instock","10":"shipping-taxable","11":"purchasable","12":"product-type-simple"},"acf":[],"_links":{"self":[{"href":"https:\/\/www.hirtenberg-apotheke.at\/katalog\/wp-json\/wp\/v2\/product\/98870","targetHints":{"allow":["GET"]}}],"collection":[{"href":"https:\/\/www.hirtenberg-apotheke.at\/katalog\/wp-json\/wp\/v2\/product"}],"about":[{"href":"https:\/\/www.hirtenberg-apotheke.at\/katalog\/wp-json\/wp\/v2\/types\/product"}],"wp:attachment":[{"href":"https:\/\/www.hirtenberg-apotheke.at\/katalog\/wp-json\/wp\/v2\/media?parent=98870"}],"wp:term":[{"taxonomy":"product_brand","embeddable":true,"href":"https:\/\/www.hirtenberg-apotheke.at\/katalog\/wp-json\/wp\/v2\/product_brand?post=98870"},{"taxonomy":"product_cat","embeddable":true,"href":"https:\/\/www.hirtenberg-apotheke.at\/katalog\/wp-json\/wp\/v2\/product_cat?post=98870"},{"taxonomy":"product_tag","embeddable":true,"href":"https:\/\/www.hirtenberg-apotheke.at\/katalog\/wp-json\/wp\/v2\/product_tag?post=98870"}],"curies":[{"name":"wp","href":"https:\/\/api.w.org\/{rel}","templated":true}]}}