{"id":98944,"date":"2025-12-02T22:21:18","date_gmt":"2025-12-02T21:21:18","guid":{"rendered":"https:\/\/www.hirtenberg-apotheke.at\/katalog\/produkt\/logona-glasfeile-1-stk\/"},"modified":"2025-12-02T22:21:19","modified_gmt":"2025-12-02T21:21:19","slug":"logona-glasfeile-1-stk","status":"publish","type":"product","link":"https:\/\/www.hirtenberg-apotheke.at\/katalog\/produkt\/logona-glasfeile-1-stk\/","title":{"rendered":"Logona Glasfeile 1 Stk."},"content":{"rendered":"<p>Logona Glasfeile bringt Ihre N\u00e4gel besonders sanft in Form. Sie versiegelt die Nagelkante und sch\u00fctzt so den Nagel vor dem Einrei\u00dfen. Ideal bei br\u00fcchigen oder weichen N\u00e4geln.<\/p>\n","protected":false},"excerpt":{"rendered":"<p>Logona Glasfeile bringt Ihre N\u00e4gel besonders sanft in Form. Sie versiegelt die Nagelkante und sch\u00fctzt so den Nagel vor dem Einrei\u00dfen. Ideal bei br\u00fcchigen oder weichen N\u00e4geln.<\/p>\n","protected":false},"featured_media":0,"template":"","meta":{"_acf_changed":false},"product_brand":[],"product_cat":[317],"product_tag":[],"class_list":{"0":"post-98944","1":"product","2":"type-product","3":"status-publish","5":"product_cat-l","6":"pa_packungsgroesse-1-stueck","8":"first","9":"instock","10":"shipping-taxable","11":"purchasable","12":"product-type-simple"},"acf":[],"_links":{"self":[{"href":"https:\/\/www.hirtenberg-apotheke.at\/katalog\/wp-json\/wp\/v2\/product\/98944","targetHints":{"allow":["GET"]}}],"collection":[{"href":"https:\/\/www.hirtenberg-apotheke.at\/katalog\/wp-json\/wp\/v2\/product"}],"about":[{"href":"https:\/\/www.hirtenberg-apotheke.at\/katalog\/wp-json\/wp\/v2\/types\/product"}],"wp:attachment":[{"href":"https:\/\/www.hirtenberg-apotheke.at\/katalog\/wp-json\/wp\/v2\/media?parent=98944"}],"wp:term":[{"taxonomy":"product_brand","embeddable":true,"href":"https:\/\/www.hirtenberg-apotheke.at\/katalog\/wp-json\/wp\/v2\/product_brand?post=98944"},{"taxonomy":"product_cat","embeddable":true,"href":"https:\/\/www.hirtenberg-apotheke.at\/katalog\/wp-json\/wp\/v2\/product_cat?post=98944"},{"taxonomy":"product_tag","embeddable":true,"href":"https:\/\/www.hirtenberg-apotheke.at\/katalog\/wp-json\/wp\/v2\/product_tag?post=98944"}],"curies":[{"name":"wp","href":"https:\/\/api.w.org\/{rel}","templated":true}]}}