{"id":99162,"date":"2025-12-02T22:26:45","date_gmt":"2025-12-02T21:26:45","guid":{"rendered":"https:\/\/www.hirtenberg-apotheke.at\/katalog\/produkt\/manuka-honig-2\/"},"modified":"2025-12-02T22:26:58","modified_gmt":"2025-12-02T21:26:58","slug":"manuka-honig-2","status":"publish","type":"product","link":"https:\/\/www.hirtenberg-apotheke.at\/katalog\/produkt\/manuka-honig-2\/","title":{"rendered":"Manuka Honig"},"content":{"rendered":"<p>Manuka Honig ist cremig und schmackhaft &#8211; kaltgeschleudert und 100% nat\u00fcrlich aus \u00f6kologischer Umgebung. Manuka Honig f\u00f6rdert und st\u00e4rkt bei Erk\u00e4ltung, Fieber oder Magen\/ Darmproblemen (innerliche Anwendung) und kann die Wundheilung durch antibakterielle Eigenschaften beschleunigen (\u00e4u\u00dferliche Anwendung).<\/p>\n","protected":false},"excerpt":{"rendered":"<p>Manuka Honig ist cremig und schmackhaft &#8211; kaltgeschleudert und 100% nat\u00fcrlich aus \u00f6kologischer Umgebung. Manuka Honig f\u00f6rdert und st\u00e4rkt bei Erk\u00e4ltung, Fieber oder Magen\/ Darmproblemen (innerliche Anwendung) und kann die Wundheilung durch antibakterielle Eigenschaften beschleunigen (\u00e4u\u00dferliche Anwendung).<\/p>\n","protected":false},"featured_media":99164,"template":"","meta":{"_acf_changed":false},"product_brand":[],"product_cat":[308],"product_tag":[],"class_list":{"0":"post-99162","1":"product","2":"type-product","3":"status-publish","4":"has-post-thumbnail","6":"product_cat-m","7":"pa_packungsgroesse-250g","9":"first","10":"instock","11":"shipping-taxable","12":"purchasable","13":"product-type-simple"},"acf":[],"_links":{"self":[{"href":"https:\/\/www.hirtenberg-apotheke.at\/katalog\/wp-json\/wp\/v2\/product\/99162","targetHints":{"allow":["GET"]}}],"collection":[{"href":"https:\/\/www.hirtenberg-apotheke.at\/katalog\/wp-json\/wp\/v2\/product"}],"about":[{"href":"https:\/\/www.hirtenberg-apotheke.at\/katalog\/wp-json\/wp\/v2\/types\/product"}],"wp:featuredmedia":[{"embeddable":true,"href":"https:\/\/www.hirtenberg-apotheke.at\/katalog\/wp-json\/wp\/v2\/media\/99164"}],"wp:attachment":[{"href":"https:\/\/www.hirtenberg-apotheke.at\/katalog\/wp-json\/wp\/v2\/media?parent=99162"}],"wp:term":[{"taxonomy":"product_brand","embeddable":true,"href":"https:\/\/www.hirtenberg-apotheke.at\/katalog\/wp-json\/wp\/v2\/product_brand?post=99162"},{"taxonomy":"product_cat","embeddable":true,"href":"https:\/\/www.hirtenberg-apotheke.at\/katalog\/wp-json\/wp\/v2\/product_cat?post=99162"},{"taxonomy":"product_tag","embeddable":true,"href":"https:\/\/www.hirtenberg-apotheke.at\/katalog\/wp-json\/wp\/v2\/product_tag?post=99162"}],"curies":[{"name":"wp","href":"https:\/\/api.w.org\/{rel}","templated":true}]}}