{"id":99186,"date":"2025-12-02T22:27:19","date_gmt":"2025-12-02T21:27:19","guid":{"rendered":"https:\/\/www.hirtenberg-apotheke.at\/katalog\/produkt\/life-light-mariendistel-kraeuterdestillat-50-ml\/"},"modified":"2025-12-02T22:27:38","modified_gmt":"2025-12-02T21:27:38","slug":"life-light-mariendistel-kraeuterdestillat-50-ml","status":"publish","type":"product","link":"https:\/\/www.hirtenberg-apotheke.at\/katalog\/produkt\/life-light-mariendistel-kraeuterdestillat-50-ml\/","title":{"rendered":"Life Light Mariendistel Kr\u00e4uterdestillat 50 ml"},"content":{"rendered":"<p>Life Light Mariendistel Kr\u00e4uterdestillat ist zur Unterst\u00fctzung einer gesunden Leber- und Gallenfunktion geeignet. Das wertvolle Kr\u00e4uterdestillat mit einem Extrakt aus Mariendistel, Artischocke und Gelben Enzian unterst\u00fctzt die Leber bei der Entgiftung und Entschlackung und sch\u00fctzt sie vor sch\u00e4dlichen Einfl\u00fcssen wie Alkohol und fettreicher Nahrung.<\/p>\n","protected":false},"excerpt":{"rendered":"<p>Life Light Mariendistel Kr\u00e4uterdestillat ist zur Unterst\u00fctzung einer gesunden Leber- und Gallenfunktion geeignet. Das wertvolle Kr\u00e4uterdestillat mit einem Extrakt aus Mariendistel, Artischocke und Gelben Enzian unterst\u00fctzt die Leber bei der Entgiftung und Entschlackung und sch\u00fctzt sie vor sch\u00e4dlichen Einfl\u00fcssen wie Alkohol und fettreicher Nahrung.<\/p>\n","protected":false},"featured_media":99188,"template":"","meta":{"_acf_changed":false},"product_brand":[],"product_cat":[317],"product_tag":[],"class_list":{"0":"post-99186","1":"product","2":"type-product","3":"status-publish","4":"has-post-thumbnail","6":"product_cat-l","7":"pa_packungsgroesse-50ml","9":"first","10":"instock","11":"shipping-taxable","12":"purchasable","13":"product-type-simple"},"acf":[],"_links":{"self":[{"href":"https:\/\/www.hirtenberg-apotheke.at\/katalog\/wp-json\/wp\/v2\/product\/99186","targetHints":{"allow":["GET"]}}],"collection":[{"href":"https:\/\/www.hirtenberg-apotheke.at\/katalog\/wp-json\/wp\/v2\/product"}],"about":[{"href":"https:\/\/www.hirtenberg-apotheke.at\/katalog\/wp-json\/wp\/v2\/types\/product"}],"wp:featuredmedia":[{"embeddable":true,"href":"https:\/\/www.hirtenberg-apotheke.at\/katalog\/wp-json\/wp\/v2\/media\/99188"}],"wp:attachment":[{"href":"https:\/\/www.hirtenberg-apotheke.at\/katalog\/wp-json\/wp\/v2\/media?parent=99186"}],"wp:term":[{"taxonomy":"product_brand","embeddable":true,"href":"https:\/\/www.hirtenberg-apotheke.at\/katalog\/wp-json\/wp\/v2\/product_brand?post=99186"},{"taxonomy":"product_cat","embeddable":true,"href":"https:\/\/www.hirtenberg-apotheke.at\/katalog\/wp-json\/wp\/v2\/product_cat?post=99186"},{"taxonomy":"product_tag","embeddable":true,"href":"https:\/\/www.hirtenberg-apotheke.at\/katalog\/wp-json\/wp\/v2\/product_tag?post=99186"}],"curies":[{"name":"wp","href":"https:\/\/api.w.org\/{rel}","templated":true}]}}