{"id":99204,"date":"2025-12-02T22:28:08","date_gmt":"2025-12-02T21:28:08","guid":{"rendered":"https:\/\/www.hirtenberg-apotheke.at\/katalog\/produkt\/master-lin-buerste-gesicht-massage-1-stk\/"},"modified":"2025-12-02T22:28:11","modified_gmt":"2025-12-02T21:28:11","slug":"master-lin-buerste-gesicht-massage-1-stk","status":"publish","type":"product","link":"https:\/\/www.hirtenberg-apotheke.at\/katalog\/produkt\/master-lin-buerste-gesicht-massage-1-stk\/","title":{"rendered":"Master Lin B\u00fcrste Gesicht Massage 1 Stk."},"content":{"rendered":"<p>B\u00fcrste Gesicht Massage Master Lin wirkt durchblutungsf\u00f6rdernd, entspannend und vitalisierend. Das regelm\u00e4\u00dfige B\u00fcrsten der Gesichts- und K\u00f6rperhaut wirkt durchblutungsf\u00f6rdernd, entspannend und vitalisierend. Das regelm\u00e4\u00dfige B\u00fcrsten der Gesichts- und K\u00f6rperhaut mit der sanften B\u00fcrste aus M\u00e4hnenhaar und Buchenholz sorgt so f\u00fcr eine nat\u00fcrlich sch\u00f6ne Haut.<\/p>\n","protected":false},"excerpt":{"rendered":"<p>B\u00fcrste Gesicht Massage Master Lin wirkt durchblutungsf\u00f6rdernd, entspannend und vitalisierend. Das regelm\u00e4\u00dfige B\u00fcrsten der Gesichts- und K\u00f6rperhaut wirkt durchblutungsf\u00f6rdernd, entspannend und vitalisierend. Das regelm\u00e4\u00dfige B\u00fcrsten der Gesichts- und K\u00f6rperhaut mit der sanften B\u00fcrste aus M\u00e4hnenhaar und Buchenholz sorgt so f\u00fcr eine nat\u00fcrlich sch\u00f6ne Haut.<\/p>\n","protected":false},"featured_media":99206,"template":"","meta":{"_acf_changed":false},"product_brand":[],"product_cat":[308],"product_tag":[],"class_list":{"0":"post-99204","1":"product","2":"type-product","3":"status-publish","4":"has-post-thumbnail","6":"product_cat-m","7":"pa_packungsgroesse-1-stueck","9":"first","10":"instock","11":"shipping-taxable","12":"purchasable","13":"product-type-simple"},"acf":[],"_links":{"self":[{"href":"https:\/\/www.hirtenberg-apotheke.at\/katalog\/wp-json\/wp\/v2\/product\/99204","targetHints":{"allow":["GET"]}}],"collection":[{"href":"https:\/\/www.hirtenberg-apotheke.at\/katalog\/wp-json\/wp\/v2\/product"}],"about":[{"href":"https:\/\/www.hirtenberg-apotheke.at\/katalog\/wp-json\/wp\/v2\/types\/product"}],"wp:featuredmedia":[{"embeddable":true,"href":"https:\/\/www.hirtenberg-apotheke.at\/katalog\/wp-json\/wp\/v2\/media\/99206"}],"wp:attachment":[{"href":"https:\/\/www.hirtenberg-apotheke.at\/katalog\/wp-json\/wp\/v2\/media?parent=99204"}],"wp:term":[{"taxonomy":"product_brand","embeddable":true,"href":"https:\/\/www.hirtenberg-apotheke.at\/katalog\/wp-json\/wp\/v2\/product_brand?post=99204"},{"taxonomy":"product_cat","embeddable":true,"href":"https:\/\/www.hirtenberg-apotheke.at\/katalog\/wp-json\/wp\/v2\/product_cat?post=99204"},{"taxonomy":"product_tag","embeddable":true,"href":"https:\/\/www.hirtenberg-apotheke.at\/katalog\/wp-json\/wp\/v2\/product_tag?post=99204"}],"curies":[{"name":"wp","href":"https:\/\/api.w.org\/{rel}","templated":true}]}}