{"id":99207,"date":"2025-12-02T22:28:08","date_gmt":"2025-12-02T21:28:08","guid":{"rendered":"https:\/\/www.hirtenberg-apotheke.at\/katalog\/produkt\/master-lin-massagebuerste-koerper-1-stk\/"},"modified":"2025-12-02T22:28:14","modified_gmt":"2025-12-02T21:28:14","slug":"master-lin-massagebuerste-koerper-1-stk","status":"publish","type":"product","link":"https:\/\/www.hirtenberg-apotheke.at\/katalog\/produkt\/master-lin-massagebuerste-koerper-1-stk\/","title":{"rendered":"Master Lin Massageb\u00fcrste K\u00f6rper 1 Stk."},"content":{"rendered":"<p>Massageb\u00fcrste K\u00f6rper Master Lin wirkt durchblutungsf\u00f6rdernd, entspannend und vitalisierend. Das regelm\u00e4\u00dfige B\u00fcrsten der Gesichts- und K\u00f6rperhaut mit der B\u00fcrste aus Buchenholz, Rosshaar und Bronzedraht hebt somit Ihre nat\u00fcrliche Sch\u00f6nheit hervor.<\/p>\n","protected":false},"excerpt":{"rendered":"<p>Massageb\u00fcrste K\u00f6rper Master Lin wirkt durchblutungsf\u00f6rdernd, entspannend und vitalisierend. Das regelm\u00e4\u00dfige B\u00fcrsten der Gesichts- und K\u00f6rperhaut mit der B\u00fcrste aus Buchenholz, Rosshaar und Bronzedraht hebt somit Ihre nat\u00fcrliche Sch\u00f6nheit hervor.<\/p>\n","protected":false},"featured_media":99209,"template":"","meta":{"_acf_changed":false},"product_brand":[],"product_cat":[308],"product_tag":[],"class_list":{"0":"post-99207","1":"product","2":"type-product","3":"status-publish","4":"has-post-thumbnail","6":"product_cat-m","7":"pa_packungsgroesse-1-stueck","9":"first","10":"instock","11":"shipping-taxable","12":"purchasable","13":"product-type-simple"},"acf":[],"_links":{"self":[{"href":"https:\/\/www.hirtenberg-apotheke.at\/katalog\/wp-json\/wp\/v2\/product\/99207","targetHints":{"allow":["GET"]}}],"collection":[{"href":"https:\/\/www.hirtenberg-apotheke.at\/katalog\/wp-json\/wp\/v2\/product"}],"about":[{"href":"https:\/\/www.hirtenberg-apotheke.at\/katalog\/wp-json\/wp\/v2\/types\/product"}],"wp:featuredmedia":[{"embeddable":true,"href":"https:\/\/www.hirtenberg-apotheke.at\/katalog\/wp-json\/wp\/v2\/media\/99209"}],"wp:attachment":[{"href":"https:\/\/www.hirtenberg-apotheke.at\/katalog\/wp-json\/wp\/v2\/media?parent=99207"}],"wp:term":[{"taxonomy":"product_brand","embeddable":true,"href":"https:\/\/www.hirtenberg-apotheke.at\/katalog\/wp-json\/wp\/v2\/product_brand?post=99207"},{"taxonomy":"product_cat","embeddable":true,"href":"https:\/\/www.hirtenberg-apotheke.at\/katalog\/wp-json\/wp\/v2\/product_cat?post=99207"},{"taxonomy":"product_tag","embeddable":true,"href":"https:\/\/www.hirtenberg-apotheke.at\/katalog\/wp-json\/wp\/v2\/product_tag?post=99207"}],"curies":[{"name":"wp","href":"https:\/\/api.w.org\/{rel}","templated":true}]}}