{"id":9940,"date":"2025-11-25T14:04:55","date_gmt":"2025-11-25T13:04:55","guid":{"rendered":"https:\/\/www.hirtenberg-apotheke.at\/katalog\/produkt\/hafesan-co-enzym-q10-30-plus-mg-kapseln-80-stk\/"},"modified":"2025-11-25T14:05:03","modified_gmt":"2025-11-25T13:05:03","slug":"hafesan-co-enzym-q10-30-plus-mg-kapseln-80-stk","status":"publish","type":"product","link":"https:\/\/www.hirtenberg-apotheke.at\/katalog\/produkt\/hafesan-co-enzym-q10-30-plus-mg-kapseln-80-stk\/","title":{"rendered":"Hafesan Co-Enzym Q10 30 Plus mg Kapseln 80 Stk."},"content":{"rendered":"<p>Hafesan\u00ae Co-Enzym Q10 30 mg Kapseln enthalten Co-Enzym Q10 welches unentbehrlich f\u00fcr gesunde innere Organe, vor allem f\u00fcr das Herz, ist. Empfohlen ab Mitte 30 sowie in Zeiten erh\u00f6hter k\u00f6rperlicher oder geistiger Anstrengung.<\/p>\n","protected":false},"excerpt":{"rendered":"<p>Hafesan\u00ae Co-Enzym Q10 30 mg Kapseln enthalten Co-Enzym Q10 welches unentbehrlich f\u00fcr gesunde innere Organe, vor allem f\u00fcr das Herz, ist. Empfohlen ab Mitte 30 sowie in Zeiten erh\u00f6hter k\u00f6rperlicher oder geistiger Anstrengung.<\/p>\n","protected":false},"featured_media":9942,"template":"","meta":{"_acf_changed":false},"product_brand":[329],"product_cat":[330],"product_tag":[],"class_list":{"0":"post-9940","1":"product","2":"type-product","3":"status-publish","4":"has-post-thumbnail","6":"product_brand-hafesan","7":"product_cat-h","8":"pa_packungsgroesse-80-stueck","10":"first","11":"instock","12":"shipping-taxable","13":"purchasable","14":"product-type-simple"},"acf":[],"_links":{"self":[{"href":"https:\/\/www.hirtenberg-apotheke.at\/katalog\/wp-json\/wp\/v2\/product\/9940","targetHints":{"allow":["GET"]}}],"collection":[{"href":"https:\/\/www.hirtenberg-apotheke.at\/katalog\/wp-json\/wp\/v2\/product"}],"about":[{"href":"https:\/\/www.hirtenberg-apotheke.at\/katalog\/wp-json\/wp\/v2\/types\/product"}],"wp:featuredmedia":[{"embeddable":true,"href":"https:\/\/www.hirtenberg-apotheke.at\/katalog\/wp-json\/wp\/v2\/media\/9942"}],"wp:attachment":[{"href":"https:\/\/www.hirtenberg-apotheke.at\/katalog\/wp-json\/wp\/v2\/media?parent=9940"}],"wp:term":[{"taxonomy":"product_brand","embeddable":true,"href":"https:\/\/www.hirtenberg-apotheke.at\/katalog\/wp-json\/wp\/v2\/product_brand?post=9940"},{"taxonomy":"product_cat","embeddable":true,"href":"https:\/\/www.hirtenberg-apotheke.at\/katalog\/wp-json\/wp\/v2\/product_cat?post=9940"},{"taxonomy":"product_tag","embeddable":true,"href":"https:\/\/www.hirtenberg-apotheke.at\/katalog\/wp-json\/wp\/v2\/product_tag?post=9940"}],"curies":[{"name":"wp","href":"https:\/\/api.w.org\/{rel}","templated":true}]}}