{"id":99597,"date":"2025-12-02T22:34:36","date_gmt":"2025-12-02T21:34:36","guid":{"rendered":"https:\/\/www.hirtenberg-apotheke.at\/katalog\/produkt\/medical-beauty-lift-repair-augencreme\/"},"modified":"2025-12-02T22:34:46","modified_gmt":"2025-12-02T21:34:46","slug":"medical-beauty-lift-repair-augencreme","status":"publish","type":"product","link":"https:\/\/www.hirtenberg-apotheke.at\/katalog\/produkt\/medical-beauty-lift-repair-augencreme\/","title":{"rendered":"Medical Beauty Lift &#038; Repair Augencreme"},"content":{"rendered":"<p>Medical Beauty Lift &#038; Repair dient der Reduktion von Augenf\u00e4ltchen, Tr\u00e4nens\u00e4cken, Augenringen und absackenden Lidern. Der Geheimtipp f\u00fcr glatte, vital leuchtende Augenpartien.<\/p>\n","protected":false},"excerpt":{"rendered":"<p>Medical Beauty Lift &#038; Repair dient der Reduktion von Augenf\u00e4ltchen, Tr\u00e4nens\u00e4cken, Augenringen und absackenden Lidern. Der Geheimtipp f\u00fcr glatte, vital leuchtende Augenpartien.<\/p>\n","protected":false},"featured_media":99599,"template":"","meta":{"_acf_changed":false},"product_brand":[],"product_cat":[308],"product_tag":[],"class_list":{"0":"post-99597","1":"product","2":"type-product","3":"status-publish","4":"has-post-thumbnail","6":"product_cat-m","7":"pa_packungsgroesse-15ml","9":"first","10":"instock","11":"shipping-taxable","12":"purchasable","13":"product-type-simple"},"acf":[],"_links":{"self":[{"href":"https:\/\/www.hirtenberg-apotheke.at\/katalog\/wp-json\/wp\/v2\/product\/99597","targetHints":{"allow":["GET"]}}],"collection":[{"href":"https:\/\/www.hirtenberg-apotheke.at\/katalog\/wp-json\/wp\/v2\/product"}],"about":[{"href":"https:\/\/www.hirtenberg-apotheke.at\/katalog\/wp-json\/wp\/v2\/types\/product"}],"wp:featuredmedia":[{"embeddable":true,"href":"https:\/\/www.hirtenberg-apotheke.at\/katalog\/wp-json\/wp\/v2\/media\/99599"}],"wp:attachment":[{"href":"https:\/\/www.hirtenberg-apotheke.at\/katalog\/wp-json\/wp\/v2\/media?parent=99597"}],"wp:term":[{"taxonomy":"product_brand","embeddable":true,"href":"https:\/\/www.hirtenberg-apotheke.at\/katalog\/wp-json\/wp\/v2\/product_brand?post=99597"},{"taxonomy":"product_cat","embeddable":true,"href":"https:\/\/www.hirtenberg-apotheke.at\/katalog\/wp-json\/wp\/v2\/product_cat?post=99597"},{"taxonomy":"product_tag","embeddable":true,"href":"https:\/\/www.hirtenberg-apotheke.at\/katalog\/wp-json\/wp\/v2\/product_tag?post=99597"}],"curies":[{"name":"wp","href":"https:\/\/api.w.org\/{rel}","templated":true}]}}