{"id":99612,"date":"2025-12-02T22:34:45","date_gmt":"2025-12-02T21:34:45","guid":{"rendered":"https:\/\/www.hirtenberg-apotheke.at\/katalog\/produkt\/medigel-wundreinigungsspray-50-ml\/"},"modified":"2025-12-02T22:35:29","modified_gmt":"2025-12-02T21:35:29","slug":"medigel-wundreinigungsspray-50-ml","status":"publish","type":"product","link":"https:\/\/www.hirtenberg-apotheke.at\/katalog\/produkt\/medigel-wundreinigungsspray-50-ml\/","title":{"rendered":"MediGel Wundreinigungsspray 50 ml"},"content":{"rendered":"<p>Das Wundreinigungsspray von MediGel entfernt Schmutz und Mikroorganismen aus der Wunde und reduziert somit die Infektionsgefahr. Dar\u00fcber hinaus schafft die patentierte Reinigungsl\u00f6sung dank der zus\u00e4tzlich enthaltenen Zink- und Eisenionen ein pH-Wert-optimiertes Wundklima. MediGel Wundreinigungsspray ist alkoholfrei und kann schmerzfrei angewendet werden \u2013 ohne Brennen.F\u00fcr die ganze Familie geeignet.<\/p>\n","protected":false},"excerpt":{"rendered":"<p>Das Wundreinigungsspray von MediGel entfernt Schmutz und Mikroorganismen aus der Wunde und reduziert somit die Infektionsgefahr. Dar\u00fcber hinaus schafft die patentierte Reinigungsl\u00f6sung dank der zus\u00e4tzlich enthaltenen Zink- und Eisenionen ein pH-Wert-optimiertes Wundklima. MediGel Wundreinigungsspray ist alkoholfrei und kann schmerzfrei angewendet werden \u2013 ohne Brennen.F\u00fcr die ganze Familie geeignet.<\/p>\n","protected":false},"featured_media":99614,"template":"","meta":{"_acf_changed":false},"product_brand":[],"product_cat":[308],"product_tag":[],"class_list":{"0":"post-99612","1":"product","2":"type-product","3":"status-publish","4":"has-post-thumbnail","6":"product_cat-m","7":"pa_packungsgroesse-50ml","9":"first","10":"instock","11":"shipping-taxable","12":"purchasable","13":"product-type-simple"},"acf":[],"_links":{"self":[{"href":"https:\/\/www.hirtenberg-apotheke.at\/katalog\/wp-json\/wp\/v2\/product\/99612","targetHints":{"allow":["GET"]}}],"collection":[{"href":"https:\/\/www.hirtenberg-apotheke.at\/katalog\/wp-json\/wp\/v2\/product"}],"about":[{"href":"https:\/\/www.hirtenberg-apotheke.at\/katalog\/wp-json\/wp\/v2\/types\/product"}],"wp:featuredmedia":[{"embeddable":true,"href":"https:\/\/www.hirtenberg-apotheke.at\/katalog\/wp-json\/wp\/v2\/media\/99614"}],"wp:attachment":[{"href":"https:\/\/www.hirtenberg-apotheke.at\/katalog\/wp-json\/wp\/v2\/media?parent=99612"}],"wp:term":[{"taxonomy":"product_brand","embeddable":true,"href":"https:\/\/www.hirtenberg-apotheke.at\/katalog\/wp-json\/wp\/v2\/product_brand?post=99612"},{"taxonomy":"product_cat","embeddable":true,"href":"https:\/\/www.hirtenberg-apotheke.at\/katalog\/wp-json\/wp\/v2\/product_cat?post=99612"},{"taxonomy":"product_tag","embeddable":true,"href":"https:\/\/www.hirtenberg-apotheke.at\/katalog\/wp-json\/wp\/v2\/product_tag?post=99612"}],"curies":[{"name":"wp","href":"https:\/\/api.w.org\/{rel}","templated":true}]}}