{"id":99656,"date":"2025-12-02T22:36:43","date_gmt":"2025-12-02T21:36:43","guid":{"rendered":"https:\/\/www.hirtenberg-apotheke.at\/katalog\/produkt\/melbrosia-kapseln-90-stk\/"},"modified":"2025-12-02T22:36:54","modified_gmt":"2025-12-02T21:36:54","slug":"melbrosia-kapseln-90-stk","status":"publish","type":"product","link":"https:\/\/www.hirtenberg-apotheke.at\/katalog\/produkt\/melbrosia-kapseln-90-stk\/","title":{"rendered":"melbrosia Kapseln 90 Stk."},"content":{"rendered":"<p>Melbrosia beinhaltet eine Kombination aus hochwertigen Aufbau- und N\u00e4hrstoffen, Vitaminen, sowie Mineralstoffen, die speziell zur St\u00e4rkung des Organismus der Frau w\u00e4hrend der Wechseljahre von Bedeutung sind.<\/p>\n","protected":false},"excerpt":{"rendered":"<p>Melbrosia beinhaltet eine Kombination aus hochwertigen Aufbau- und N\u00e4hrstoffen, Vitaminen, sowie Mineralstoffen, die speziell zur St\u00e4rkung des Organismus der Frau w\u00e4hrend der Wechseljahre von Bedeutung sind.<\/p>\n","protected":false},"featured_media":99658,"template":"","meta":{"_acf_changed":false},"product_brand":[],"product_cat":[308],"product_tag":[],"class_list":{"0":"post-99656","1":"product","2":"type-product","3":"status-publish","4":"has-post-thumbnail","6":"product_cat-m","7":"pa_packungsgroesse-90-stueck","9":"first","10":"instock","11":"shipping-taxable","12":"purchasable","13":"product-type-simple"},"acf":[],"_links":{"self":[{"href":"https:\/\/www.hirtenberg-apotheke.at\/katalog\/wp-json\/wp\/v2\/product\/99656","targetHints":{"allow":["GET"]}}],"collection":[{"href":"https:\/\/www.hirtenberg-apotheke.at\/katalog\/wp-json\/wp\/v2\/product"}],"about":[{"href":"https:\/\/www.hirtenberg-apotheke.at\/katalog\/wp-json\/wp\/v2\/types\/product"}],"wp:featuredmedia":[{"embeddable":true,"href":"https:\/\/www.hirtenberg-apotheke.at\/katalog\/wp-json\/wp\/v2\/media\/99658"}],"wp:attachment":[{"href":"https:\/\/www.hirtenberg-apotheke.at\/katalog\/wp-json\/wp\/v2\/media?parent=99656"}],"wp:term":[{"taxonomy":"product_brand","embeddable":true,"href":"https:\/\/www.hirtenberg-apotheke.at\/katalog\/wp-json\/wp\/v2\/product_brand?post=99656"},{"taxonomy":"product_cat","embeddable":true,"href":"https:\/\/www.hirtenberg-apotheke.at\/katalog\/wp-json\/wp\/v2\/product_cat?post=99656"},{"taxonomy":"product_tag","embeddable":true,"href":"https:\/\/www.hirtenberg-apotheke.at\/katalog\/wp-json\/wp\/v2\/product_tag?post=99656"}],"curies":[{"name":"wp","href":"https:\/\/api.w.org\/{rel}","templated":true}]}}