{"id":99665,"date":"2025-12-02T22:36:57","date_gmt":"2025-12-02T21:36:57","guid":{"rendered":"https:\/\/www.hirtenberg-apotheke.at\/katalog\/produkt\/menicon-care-plus-250-ml\/"},"modified":"2025-12-02T22:37:04","modified_gmt":"2025-12-02T21:37:04","slug":"menicon-care-plus-250-ml","status":"publish","type":"product","link":"https:\/\/www.hirtenberg-apotheke.at\/katalog\/produkt\/menicon-care-plus-250-ml\/","title":{"rendered":"Menicon Care Plus 250 ml"},"content":{"rendered":"<p>Menicon Care Plus ist eine hochwertige Kombil\u00f6sung f\u00fcr harte Kontaktlinsen. Die L\u00f6sung ist bestens zur Reinigung, Desinfektion und Aufbewahrung Ihrer Linsen geeignet. Der enthaltene Benetzer sichert Ihnen t\u00e4glich einen sehr angenehmen Tragekomfort. Mit MeniCare Plus desinfizieren Sie Ihre harten Kontaktlinsen schnell und effizient.<\/p>\n","protected":false},"excerpt":{"rendered":"<p>Menicon Care Plus ist eine hochwertige Kombil\u00f6sung f\u00fcr harte Kontaktlinsen. Die L\u00f6sung ist bestens zur Reinigung, Desinfektion und Aufbewahrung Ihrer Linsen geeignet. Der enthaltene Benetzer sichert Ihnen t\u00e4glich einen sehr angenehmen Tragekomfort. Mit MeniCare Plus desinfizieren Sie Ihre harten Kontaktlinsen schnell und effizient.<\/p>\n","protected":false},"featured_media":99667,"template":"","meta":{"_acf_changed":false},"product_brand":[],"product_cat":[308],"product_tag":[],"class_list":{"0":"post-99665","1":"product","2":"type-product","3":"status-publish","4":"has-post-thumbnail","6":"product_cat-m","7":"pa_packungsgroesse-250ml","9":"first","10":"instock","11":"shipping-taxable","12":"purchasable","13":"product-type-simple"},"acf":[],"_links":{"self":[{"href":"https:\/\/www.hirtenberg-apotheke.at\/katalog\/wp-json\/wp\/v2\/product\/99665","targetHints":{"allow":["GET"]}}],"collection":[{"href":"https:\/\/www.hirtenberg-apotheke.at\/katalog\/wp-json\/wp\/v2\/product"}],"about":[{"href":"https:\/\/www.hirtenberg-apotheke.at\/katalog\/wp-json\/wp\/v2\/types\/product"}],"wp:featuredmedia":[{"embeddable":true,"href":"https:\/\/www.hirtenberg-apotheke.at\/katalog\/wp-json\/wp\/v2\/media\/99667"}],"wp:attachment":[{"href":"https:\/\/www.hirtenberg-apotheke.at\/katalog\/wp-json\/wp\/v2\/media?parent=99665"}],"wp:term":[{"taxonomy":"product_brand","embeddable":true,"href":"https:\/\/www.hirtenberg-apotheke.at\/katalog\/wp-json\/wp\/v2\/product_brand?post=99665"},{"taxonomy":"product_cat","embeddable":true,"href":"https:\/\/www.hirtenberg-apotheke.at\/katalog\/wp-json\/wp\/v2\/product_cat?post=99665"},{"taxonomy":"product_tag","embeddable":true,"href":"https:\/\/www.hirtenberg-apotheke.at\/katalog\/wp-json\/wp\/v2\/product_tag?post=99665"}],"curies":[{"name":"wp","href":"https:\/\/api.w.org\/{rel}","templated":true}]}}