{"id":9986,"date":"2025-11-25T14:05:22","date_gmt":"2025-11-25T13:05:22","guid":{"rendered":"https:\/\/www.hirtenberg-apotheke.at\/katalog\/produkt\/gall-pharma-baerlauchtropfen-100-ml\/"},"modified":"2025-11-25T14:05:35","modified_gmt":"2025-11-25T13:05:35","slug":"gall-pharma-baerlauchtropfen-100-ml","status":"publish","type":"product","link":"https:\/\/www.hirtenberg-apotheke.at\/katalog\/produkt\/gall-pharma-baerlauchtropfen-100-ml\/","title":{"rendered":"Gall Pharma B\u00e4rlauchtropfen 100 ml"},"content":{"rendered":"<p>Gall Pharma B\u00e4rlauchtropfen enthalten einen w\u00e4ssrig-alkoholischen Auszug aus B\u00e4rlauchkraut. Bereits im Mittelalter wurde B\u00e4rlauch als Arznei- und Nahrungspflanze genutzt. Ihm wurden unheilabwehrende Eigenschaften (entz\u00fcndungshemmend, blutreinigend, blutdrucksenkend, harntreibend, schleiml\u00f6send sowie krampfl\u00f6send) zugeschrieben  jetzt versandkostenfrei* bestellen!<\/p>\n","protected":false},"excerpt":{"rendered":"<p>Gall Pharma B\u00e4rlauchtropfen enthalten einen w\u00e4ssrig-alkoholischen Auszug aus B\u00e4rlauchkraut. Bereits im Mittelalter wurde B\u00e4rlauch als Arznei- und Nahrungspflanze genutzt. Ihm wurden unheilabwehrende Eigenschaften (entz\u00fcndungshemmend, blutreinigend, blutdrucksenkend, harntreibend, schleiml\u00f6send sowie krampfl\u00f6send) zugeschrieben jetzt versandkostenfrei* bestellen!<\/p>\n","protected":false},"featured_media":9988,"template":"","meta":{"_acf_changed":false},"product_brand":[],"product_cat":[328],"product_tag":[],"class_list":{"0":"post-9986","1":"product","2":"type-product","3":"status-publish","4":"has-post-thumbnail","6":"product_cat-g","7":"pa_packungsgroesse-100ml","9":"first","10":"instock","11":"shipping-taxable","12":"purchasable","13":"product-type-simple"},"acf":[],"_links":{"self":[{"href":"https:\/\/www.hirtenberg-apotheke.at\/katalog\/wp-json\/wp\/v2\/product\/9986","targetHints":{"allow":["GET"]}}],"collection":[{"href":"https:\/\/www.hirtenberg-apotheke.at\/katalog\/wp-json\/wp\/v2\/product"}],"about":[{"href":"https:\/\/www.hirtenberg-apotheke.at\/katalog\/wp-json\/wp\/v2\/types\/product"}],"wp:featuredmedia":[{"embeddable":true,"href":"https:\/\/www.hirtenberg-apotheke.at\/katalog\/wp-json\/wp\/v2\/media\/9988"}],"wp:attachment":[{"href":"https:\/\/www.hirtenberg-apotheke.at\/katalog\/wp-json\/wp\/v2\/media?parent=9986"}],"wp:term":[{"taxonomy":"product_brand","embeddable":true,"href":"https:\/\/www.hirtenberg-apotheke.at\/katalog\/wp-json\/wp\/v2\/product_brand?post=9986"},{"taxonomy":"product_cat","embeddable":true,"href":"https:\/\/www.hirtenberg-apotheke.at\/katalog\/wp-json\/wp\/v2\/product_cat?post=9986"},{"taxonomy":"product_tag","embeddable":true,"href":"https:\/\/www.hirtenberg-apotheke.at\/katalog\/wp-json\/wp\/v2\/product_tag?post=9986"}],"curies":[{"name":"wp","href":"https:\/\/api.w.org\/{rel}","templated":true}]}}